{"id":943,"date":"2018-08-23T11:23:28","date_gmt":"2018-08-23T11:23:28","guid":{"rendered":"http:\/\/manufacturer.stylemixthemes.com\/industrial:8888\/?post_type=product&#038;p=943"},"modified":"2025-05-14T09:20:48","modified_gmt":"2025-05-14T09:20:48","slug":"jm-greaseproof-waterproof-paper-bags-wraps","status":"publish","type":"product","link":"https:\/\/jm-pack.com\/de\/produkt\/jm-greaseproof-waterproof-paper-bags-wraps\/","title":{"rendered":"JM FETT UND WASSERDICHTE PAPIERT\u00dcTEN &amp; WICKEL"},"content":{"rendered":"<p class=\"\" data-start=\"285\" data-end=\"330\"><strong data-start=\"285\" data-end=\"330\">Entwickelt f\u00fcr saubere, selbstbewusste Verpackungen<\/strong><\/p>\n<p class=\"\" data-start=\"332\" data-end=\"639\">Unsere <strong data-start=\"336\" data-end=\"385\">Fett und Wasserdichte Papiert\u00fcten &amp; Wickel<\/strong> bieten leistungsstarken Schutz, ohne die Pr\u00e4sentation zu beeintr\u00e4chtigen. Sie sind so konzipiert, dass sie \u00d6laustritt und Feuchtigkeitsaufnahme widerstehen, und erhalten die Produktintegrit\u00e4t \u2013 egal, ob Sie buttrige Geb\u00e4ckst\u00fccke, fettiges Street Food oder feuchtigkeitsanf\u00e4llige Artikel einwickeln.<\/p>\n<p class=\"\" data-start=\"641\" data-end=\"909\">Erh\u00e4ltlich <strong data-start=\"651\" data-end=\"679\">mit oder ohne Druck<\/strong>, sind diese Papiere ideal f\u00fcr Unternehmen, die sowohl funktionale als auch \u00e4sthetische Flexibilit\u00e4t verlangen. Von einfachen unbedruckten Wickeln bis hin zu vollst\u00e4ndig ma\u00dfgeschneiderten Verpackungen mit Ihrem Logo oder Design \u2013 alles ist darauf ausgelegt, den Ton Ihrer Marke zu treffen.<\/p>","protected":false},"excerpt":{"rendered":"<ul data-start=\"939\" data-end=\"1593\">\n<li class=\"\" data-start=\"939\" data-end=\"1066\">\n<p class=\"\" data-start=\"941\" data-end=\"1066\"><strong data-start=\"941\" data-end=\"970\">\u00d6l &amp; feuchtigkeitsbest\u00e4ndig:<\/strong> Diese T\u00fcten schaffen eine saubere Barriere gegen Fette, Saucen oder Dampf und sind ideal f\u00fcr sowohl hei\u00dfe als auch kalte Speisen.<\/p>\n<\/li>\n<li class=\"\" data-start=\"1067\" data-end=\"1185\">\n<p class=\"\" data-start=\"1069\" data-end=\"1185\"><strong data-start=\"1069\" data-end=\"1095\">Lebensmittelsicher und geruchsneutral:<\/strong> Hergestellt nach strengen Sicherheitsstandards, beeintr\u00e4chtigen sie weder Aroma noch Geschmack Ihrer Produkte.<\/p>\n<\/li>\n<li class=\"\" data-start=\"1186\" data-end=\"1332\">\n<p class=\"\" data-start=\"1188\" data-end=\"1332\"><strong data-start=\"1188\" data-end=\"1217\">Vollst\u00e4ndig anpassbare Gr\u00f6\u00dfen:<\/strong> <strong data-start=\"1218\" data-end=\"1257\">Wir bieten jede gew\u00fcnschte Dimension an<\/strong> \u2013 von Sandwich-Wickeln bis hin zu \u00fcbergro\u00dfen B\u00e4ckereibl\u00e4ttern oder gro\u00dfen Takeaway-T\u00fcten.<\/p>\n<\/li>\n<li class=\"\" data-start=\"1333\" data-end=\"1478\">\n<p class=\"\" data-start=\"1335\" data-end=\"1478\"><strong data-start=\"1335\" data-end=\"1357\">Druckbare Oberfl\u00e4che:<\/strong> Mit hochwertigen Druckm\u00f6glichkeiten f\u00fcr Logos, Illustrationen oder Text k\u00f6nnen Sie Ihre Marke aufwerten und gleichzeitig Ihr Produkt sch\u00fctzen.<\/p>\n<\/li>\n<\/ul>\n<hr class=\"\" data-start=\"1595\" data-end=\"1598\" \/>\n<p class=\"\" data-start=\"1600\" data-end=\"1810\"><strong data-start=\"1600\" data-end=\"1659\">Ma\u00dfgeschneiderter Schutz. Saubere \u00c4sthetik. Null Kompromisse.<\/strong><br data-start=\"1659\" data-end=\"1662\" \/>Egal, ob Sie einwickeln, auskleiden oder verpacken, unsere fett- und wasserfesten L\u00f6sungen sind daf\u00fcr gemacht, unter Druck zu funktionieren \u2013 und dabei gut auszusehen.<\/p>","protected":false},"featured_media":2781,"comment_status":"open","ping_status":"closed","template":"","meta":[],"product_brand":[],"product_cat":[57],"product_tag":[],"class_list":{"0":"post-943","1":"product","2":"type-product","3":"status-publish","4":"has-post-thumbnail","6":"product_cat-greaseproof-and-waterproof-paper-bags-wraps","7":"stm_brands-lenovo","9":"first","10":"instock","11":"virtual","12":"product-type-simple"},"yoast_head":"<!-- This site is optimized with the Yoast SEO plugin v24.9 - https:\/\/yoast.com\/wordpress\/plugins\/seo\/ -->\n<title>JM GREASEPROOF AND WATERPROOF PAPER BAGS &amp; WRAPS - JM GLOBAL PAPER BAGS PAPER CUTLERY PLACEMATS<\/title>\n<meta name=\"robots\" content=\"index, follow, max-snippet:-1, max-image-preview:large, max-video-preview:-1\" \/>\n<link rel=\"canonical\" href=\"https:\/\/jm-pack.com\/de\/produkt\/jm-greaseproof-waterproof-paper-bags-wraps\/\" \/>\n<meta property=\"og:locale\" content=\"de_DE\" \/>\n<meta property=\"og:type\" content=\"article\" \/>\n<meta property=\"og:title\" content=\"JM GREASEPROOF AND WATERPROOF PAPER BAGS &amp; WRAPS - JM GLOBAL PAPER BAGS PAPER CUTLERY PLACEMATS\" \/>\n<meta property=\"og:description\" content=\"Oil &amp; Moisture Resistant: Creates a clean barrier against grease, sauces, or steam \u2014 ideal for both hot and cold foods.    Food-Safe &amp; Odor-Free: Manufactured to meet stringent safety standards with no interference in aroma or taste.    Fully Customizable Sizes: Any dimensions available on request \u2013 from sandwich wraps to oversized bakery sheets or large takeaway bags.    Printable Surface: High-quality printing capability for logos, illustrations, or text \u2013 elevate your brand while protecting your product.     Tailored protection. Clean aesthetics. Zero compromise.Whether you\u2019re wrapping, lining, or packaging, our greaseproof and waterproof solutions are made to perform under pressure \u2014 and look good doing it.\" \/>\n<meta property=\"og:url\" content=\"https:\/\/jm-pack.com\/de\/produkt\/jm-greaseproof-waterproof-paper-bags-wraps\/\" \/>\n<meta property=\"og:site_name\" content=\"JM GLOBAL PAPER BAGS PAPER CUTLERY PLACEMATS\" \/>\n<meta property=\"article:modified_time\" content=\"2025-05-14T09:20:48+00:00\" \/>\n<meta property=\"og:image\" content=\"https:\/\/jm-pack.com\/wp-content\/uploads\/2025\/04\/\u0391\u03bd\u03ce\u03bd\u03c5\u03bc\u03bf-\u03c3\u03c7\u03ad\u03b4\u03b9\u03bf-2.png\" \/>\n\t<meta property=\"og:image:width\" content=\"500\" \/>\n\t<meta property=\"og:image:height\" content=\"500\" \/>\n\t<meta property=\"og:image:type\" content=\"image\/png\" \/>\n<meta name=\"twitter:card\" content=\"summary_large_image\" \/>\n<meta name=\"twitter:label1\" content=\"Gesch\u00e4tzte Lesezeit\" \/>\n\t<meta name=\"twitter:data1\" content=\"1\u00a0Minute\" \/>\n<script type=\"application\/ld+json\" class=\"yoast-schema-graph\">{\"@context\":\"https:\/\/schema.org\",\"@graph\":[{\"@type\":\"WebPage\",\"@id\":\"https:\/\/jm-pack.com\/product\/jm-greaseproof-waterproof-paper-bags-wraps\/\",\"url\":\"https:\/\/jm-pack.com\/product\/jm-greaseproof-waterproof-paper-bags-wraps\/\",\"name\":\"JM GREASEPROOF AND WATERPROOF PAPER BAGS & WRAPS - JM GLOBAL PAPER BAGS PAPER CUTLERY PLACEMATS\",\"isPartOf\":{\"@id\":\"https:\/\/jm-pack.com\/#website\"},\"primaryImageOfPage\":{\"@id\":\"https:\/\/jm-pack.com\/product\/jm-greaseproof-waterproof-paper-bags-wraps\/#primaryimage\"},\"image\":{\"@id\":\"https:\/\/jm-pack.com\/product\/jm-greaseproof-waterproof-paper-bags-wraps\/#primaryimage\"},\"thumbnailUrl\":\"https:\/\/jm-pack.com\/wp-content\/uploads\/2025\/04\/\u0391\u03bd\u03ce\u03bd\u03c5\u03bc\u03bf-\u03c3\u03c7\u03ad\u03b4\u03b9\u03bf-2.png\",\"datePublished\":\"2018-08-23T11:23:28+00:00\",\"dateModified\":\"2025-05-14T09:20:48+00:00\",\"breadcrumb\":{\"@id\":\"https:\/\/jm-pack.com\/product\/jm-greaseproof-waterproof-paper-bags-wraps\/#breadcrumb\"},\"inLanguage\":\"de\",\"potentialAction\":[{\"@type\":\"ReadAction\",\"target\":[\"https:\/\/jm-pack.com\/product\/jm-greaseproof-waterproof-paper-bags-wraps\/\"]}]},{\"@type\":\"ImageObject\",\"inLanguage\":\"de\",\"@id\":\"https:\/\/jm-pack.com\/product\/jm-greaseproof-waterproof-paper-bags-wraps\/#primaryimage\",\"url\":\"https:\/\/jm-pack.com\/wp-content\/uploads\/2025\/04\/\u0391\u03bd\u03ce\u03bd\u03c5\u03bc\u03bf-\u03c3\u03c7\u03ad\u03b4\u03b9\u03bf-2.png\",\"contentUrl\":\"https:\/\/jm-pack.com\/wp-content\/uploads\/2025\/04\/\u0391\u03bd\u03ce\u03bd\u03c5\u03bc\u03bf-\u03c3\u03c7\u03ad\u03b4\u03b9\u03bf-2.png\",\"width\":500,\"height\":500},{\"@type\":\"BreadcrumbList\",\"@id\":\"https:\/\/jm-pack.com\/product\/jm-greaseproof-waterproof-paper-bags-wraps\/#breadcrumb\",\"itemListElement\":[{\"@type\":\"ListItem\",\"position\":1,\"name\":\"Home\",\"item\":\"https:\/\/jm-pack.com\/\"},{\"@type\":\"ListItem\",\"position\":2,\"name\":\"Products\",\"item\":\"https:\/\/jm-pack.com\/shop-2\/\"},{\"@type\":\"ListItem\",\"position\":3,\"name\":\"JM GREASEPROOF AND WATERPROOF PAPER BAGS &#038; WRAPS\"}]},{\"@type\":\"WebSite\",\"@id\":\"https:\/\/jm-pack.com\/#website\",\"url\":\"https:\/\/jm-pack.com\/\",\"name\":\"JM GLOBAL\",\"description\":\"\",\"potentialAction\":[{\"@type\":\"SearchAction\",\"target\":{\"@type\":\"EntryPoint\",\"urlTemplate\":\"https:\/\/jm-pack.com\/?s={search_term_string}\"},\"query-input\":{\"@type\":\"PropertyValueSpecification\",\"valueRequired\":true,\"valueName\":\"search_term_string\"}}],\"inLanguage\":\"de\"}]}<\/script>\n<!-- \/ Yoast SEO plugin. -->","yoast_head_json":{"title":"JM GREASEPROOF AND WATERPROOF PAPER BAGS & WRAPS - JM GLOBAL PAPER BAGS PAPER CUTLERY PLACEMATS","robots":{"index":"index","follow":"follow","max-snippet":"max-snippet:-1","max-image-preview":"max-image-preview:large","max-video-preview":"max-video-preview:-1"},"canonical":"https:\/\/jm-pack.com\/de\/produkt\/jm-greaseproof-waterproof-paper-bags-wraps\/","og_locale":"de_DE","og_type":"article","og_title":"JM GREASEPROOF AND WATERPROOF PAPER BAGS & WRAPS - JM GLOBAL PAPER BAGS PAPER CUTLERY PLACEMATS","og_description":"Oil &amp; Moisture Resistant: Creates a clean barrier against grease, sauces, or steam \u2014 ideal for both hot and cold foods.    Food-Safe &amp; Odor-Free: Manufactured to meet stringent safety standards with no interference in aroma or taste.    Fully Customizable Sizes: Any dimensions available on request \u2013 from sandwich wraps to oversized bakery sheets or large takeaway bags.    Printable Surface: High-quality printing capability for logos, illustrations, or text \u2013 elevate your brand while protecting your product.     Tailored protection. Clean aesthetics. Zero compromise.Whether you\u2019re wrapping, lining, or packaging, our greaseproof and waterproof solutions are made to perform under pressure \u2014 and look good doing it.","og_url":"https:\/\/jm-pack.com\/de\/produkt\/jm-greaseproof-waterproof-paper-bags-wraps\/","og_site_name":"JM GLOBAL PAPER BAGS PAPER CUTLERY PLACEMATS","article_modified_time":"2025-05-14T09:20:48+00:00","og_image":[{"width":500,"height":500,"url":"https:\/\/jm-pack.com\/wp-content\/uploads\/2025\/04\/\u0391\u03bd\u03ce\u03bd\u03c5\u03bc\u03bf-\u03c3\u03c7\u03ad\u03b4\u03b9\u03bf-2.png","type":"image\/png"}],"twitter_card":"summary_large_image","twitter_misc":{"Gesch\u00e4tzte Lesezeit":"1\u00a0Minute"},"schema":{"@context":"https:\/\/schema.org","@graph":[{"@type":"WebPage","@id":"https:\/\/jm-pack.com\/product\/jm-greaseproof-waterproof-paper-bags-wraps\/","url":"https:\/\/jm-pack.com\/product\/jm-greaseproof-waterproof-paper-bags-wraps\/","name":"JM GREASEPROOF AND WATERPROOF PAPER BAGS & WRAPS - JM GLOBAL PAPER BAGS PAPER CUTLERY PLACEMATS","isPartOf":{"@id":"https:\/\/jm-pack.com\/#website"},"primaryImageOfPage":{"@id":"https:\/\/jm-pack.com\/product\/jm-greaseproof-waterproof-paper-bags-wraps\/#primaryimage"},"image":{"@id":"https:\/\/jm-pack.com\/product\/jm-greaseproof-waterproof-paper-bags-wraps\/#primaryimage"},"thumbnailUrl":"https:\/\/jm-pack.com\/wp-content\/uploads\/2025\/04\/\u0391\u03bd\u03ce\u03bd\u03c5\u03bc\u03bf-\u03c3\u03c7\u03ad\u03b4\u03b9\u03bf-2.png","datePublished":"2018-08-23T11:23:28+00:00","dateModified":"2025-05-14T09:20:48+00:00","breadcrumb":{"@id":"https:\/\/jm-pack.com\/product\/jm-greaseproof-waterproof-paper-bags-wraps\/#breadcrumb"},"inLanguage":"de","potentialAction":[{"@type":"ReadAction","target":["https:\/\/jm-pack.com\/product\/jm-greaseproof-waterproof-paper-bags-wraps\/"]}]},{"@type":"ImageObject","inLanguage":"de","@id":"https:\/\/jm-pack.com\/product\/jm-greaseproof-waterproof-paper-bags-wraps\/#primaryimage","url":"https:\/\/jm-pack.com\/wp-content\/uploads\/2025\/04\/\u0391\u03bd\u03ce\u03bd\u03c5\u03bc\u03bf-\u03c3\u03c7\u03ad\u03b4\u03b9\u03bf-2.png","contentUrl":"https:\/\/jm-pack.com\/wp-content\/uploads\/2025\/04\/\u0391\u03bd\u03ce\u03bd\u03c5\u03bc\u03bf-\u03c3\u03c7\u03ad\u03b4\u03b9\u03bf-2.png","width":500,"height":500},{"@type":"BreadcrumbList","@id":"https:\/\/jm-pack.com\/product\/jm-greaseproof-waterproof-paper-bags-wraps\/#breadcrumb","itemListElement":[{"@type":"ListItem","position":1,"name":"Home","item":"https:\/\/jm-pack.com\/"},{"@type":"ListItem","position":2,"name":"Products","item":"https:\/\/jm-pack.com\/shop-2\/"},{"@type":"ListItem","position":3,"name":"JM GREASEPROOF AND WATERPROOF PAPER BAGS &#038; WRAPS"}]},{"@type":"WebSite","@id":"https:\/\/jm-pack.com\/#website","url":"https:\/\/jm-pack.com\/","name":"JM GLOBAL","description":"","potentialAction":[{"@type":"SearchAction","target":{"@type":"EntryPoint","urlTemplate":"https:\/\/jm-pack.com\/?s={search_term_string}"},"query-input":{"@type":"PropertyValueSpecification","valueRequired":true,"valueName":"search_term_string"}}],"inLanguage":"de"}]}},"_links":{"self":[{"href":"https:\/\/jm-pack.com\/de\/wp-json\/wp\/v2\/product\/943","targetHints":{"allow":["GET"]}}],"collection":[{"href":"https:\/\/jm-pack.com\/de\/wp-json\/wp\/v2\/product"}],"about":[{"href":"https:\/\/jm-pack.com\/de\/wp-json\/wp\/v2\/types\/product"}],"replies":[{"embeddable":true,"href":"https:\/\/jm-pack.com\/de\/wp-json\/wp\/v2\/comments?post=943"}],"wp:featuredmedia":[{"embeddable":true,"href":"https:\/\/jm-pack.com\/de\/wp-json\/wp\/v2\/media\/2781"}],"wp:attachment":[{"href":"https:\/\/jm-pack.com\/de\/wp-json\/wp\/v2\/media?parent=943"}],"wp:term":[{"taxonomy":"product_brand","embeddable":true,"href":"https:\/\/jm-pack.com\/de\/wp-json\/wp\/v2\/product_brand?post=943"},{"taxonomy":"product_cat","embeddable":true,"href":"https:\/\/jm-pack.com\/de\/wp-json\/wp\/v2\/product_cat?post=943"},{"taxonomy":"product_tag","embeddable":true,"href":"https:\/\/jm-pack.com\/de\/wp-json\/wp\/v2\/product_tag?post=943"}],"curies":[{"name":"wp","href":"https:\/\/api.w.org\/{rel}","templated":true}]}}